{"id":17449,"date":"2021-01-24T18:14:56","date_gmt":"2021-01-24T20:14:56","guid":{"rendered":"http:\/\/ecursos.treinaonline.com\/produto\/curso-de-sopas-e-caldos\/"},"modified":"2021-01-24T18:14:56","modified_gmt":"2021-01-24T20:14:56","slug":"curso-de-sopas-e-caldos","status":"publish","type":"product","link":"https:\/\/ecursostreinaonline.com.br\/?product=curso-de-sopas-e-caldos","title":{"rendered":"Curso de Sopas e Caldos"},"content":{"rendered":"<p>Aborda fazer diversos tipos de sopas e caldos como creme de mandioquinha, sopa de aspargos com oco poche, founue, ribolita, sopa de tomate ao molho pesto e muitos outros. Al\u00e9m disso, daremos diversas dicas \u00fateis.<\/p>\n<p>Sobre a carga hor\u00e1ria:<br \/>\nO curso possui 80 horas de carga hor\u00e1ria. Por\u00e9m, se for conclu\u00eddo antes de 5 dias, passa a ter 10 horas de carga hor\u00e1ria. Conforme nosso contrato e termos de uso.<\/p>\n","protected":false},"excerpt":{"rendered":"<p>Aborda fazer diversos tipos de sopas e caldos como creme de mandioquinha, sopa de aspargos com oco poche, founue, ribolita, sopa de tomate ao molho pesto e muitos outros. Al\u00e9m disso, daremos diversas dicas \u00fateis. Sobre a carga hor\u00e1ria: O curso possui 80 horas de carga hor\u00e1ria. Por\u00e9m, se for conclu\u00eddo antes de 5 dias, passa a ter 10 horas [&hellip;]<\/p>\n","protected":false},"featured_media":0,"comment_status":"open","ping_status":"closed","template":"","meta":[],"product_brand":[],"product_cat":[208],"product_tag":[],"class_list":{"0":"post-17449","1":"product","2":"type-product","3":"status-publish","5":"product_cat-culinaria-e-gastronomia","6":"post","8":"first","9":"instock","10":"virtual","11":"sold-individually","12":"product-type-simple"},"_links":{"self":[{"href":"https:\/\/ecursostreinaonline.com.br\/index.php?rest_route=\/wp\/v2\/product\/17449","targetHints":{"allow":["GET"]}}],"collection":[{"href":"https:\/\/ecursostreinaonline.com.br\/index.php?rest_route=\/wp\/v2\/product"}],"about":[{"href":"https:\/\/ecursostreinaonline.com.br\/index.php?rest_route=\/wp\/v2\/types\/product"}],"replies":[{"embeddable":true,"href":"https:\/\/ecursostreinaonline.com.br\/index.php?rest_route=%2Fwp%2Fv2%2Fcomments&post=17449"}],"wp:attachment":[{"href":"https:\/\/ecursostreinaonline.com.br\/index.php?rest_route=%2Fwp%2Fv2%2Fmedia&parent=17449"}],"wp:term":[{"taxonomy":"product_brand","embeddable":true,"href":"https:\/\/ecursostreinaonline.com.br\/index.php?rest_route=%2Fwp%2Fv2%2Fproduct_brand&post=17449"},{"taxonomy":"product_cat","embeddable":true,"href":"https:\/\/ecursostreinaonline.com.br\/index.php?rest_route=%2Fwp%2Fv2%2Fproduct_cat&post=17449"},{"taxonomy":"product_tag","embeddable":true,"href":"https:\/\/ecursostreinaonline.com.br\/index.php?rest_route=%2Fwp%2Fv2%2Fproduct_tag&post=17449"}],"curies":[{"name":"wp","href":"https:\/\/api.w.org\/{rel}","templated":true}]}}