{"id":16616,"date":"2021-01-24T17:57:59","date_gmt":"2021-01-24T19:57:59","guid":{"rendered":"http:\/\/ecursos.treinaonline.com\/produto\/curso-de-comidas-tipicas-de-festa-junina\/"},"modified":"2021-01-24T17:57:59","modified_gmt":"2021-01-24T19:57:59","slug":"curso-de-comidas-tipicas-de-festa-junina","status":"publish","type":"product","link":"https:\/\/ecursostreinaonline.com.br\/?product=curso-de-comidas-tipicas-de-festa-junina","title":{"rendered":"Curso de Comidas T\u00edpicas de Festa Junina"},"content":{"rendered":"<p>Explica Voc\u00ea vai aprender fazer pratos t\u00edpicos para festa Junina. Tudo isso preparado de forma simples, pr\u00e1tica e para lucrar nessa festa popular brasileira.<\/p>\n<p>Sobre a carga hor\u00e1ria:<br \/>\nO curso possui 80 horas de carga hor\u00e1ria. Por\u00e9m, se for conclu\u00eddo antes de 5 dias, passa a ter 10 horas de carga hor\u00e1ria. Conforme nosso contrato e termos de uso.<\/p>\n","protected":false},"excerpt":{"rendered":"<p>Explica Voc\u00ea vai aprender fazer pratos t\u00edpicos para festa Junina. Tudo isso preparado de forma simples, pr\u00e1tica e para lucrar nessa festa popular brasileira. Sobre a carga hor\u00e1ria: O curso possui 80 horas de carga hor\u00e1ria. Por\u00e9m, se for conclu\u00eddo antes de 5 dias, passa a ter 10 horas de carga hor\u00e1ria. Conforme nosso contrato e termos de uso.<\/p>\n","protected":false},"featured_media":0,"comment_status":"open","ping_status":"closed","template":"","meta":[],"product_brand":[],"product_cat":[208],"product_tag":[],"class_list":{"0":"post-16616","1":"product","2":"type-product","3":"status-publish","5":"product_cat-culinaria-e-gastronomia","6":"post","8":"first","9":"instock","10":"virtual","11":"sold-individually","12":"product-type-simple"},"_links":{"self":[{"href":"https:\/\/ecursostreinaonline.com.br\/index.php?rest_route=\/wp\/v2\/product\/16616","targetHints":{"allow":["GET"]}}],"collection":[{"href":"https:\/\/ecursostreinaonline.com.br\/index.php?rest_route=\/wp\/v2\/product"}],"about":[{"href":"https:\/\/ecursostreinaonline.com.br\/index.php?rest_route=\/wp\/v2\/types\/product"}],"replies":[{"embeddable":true,"href":"https:\/\/ecursostreinaonline.com.br\/index.php?rest_route=%2Fwp%2Fv2%2Fcomments&post=16616"}],"wp:attachment":[{"href":"https:\/\/ecursostreinaonline.com.br\/index.php?rest_route=%2Fwp%2Fv2%2Fmedia&parent=16616"}],"wp:term":[{"taxonomy":"product_brand","embeddable":true,"href":"https:\/\/ecursostreinaonline.com.br\/index.php?rest_route=%2Fwp%2Fv2%2Fproduct_brand&post=16616"},{"taxonomy":"product_cat","embeddable":true,"href":"https:\/\/ecursostreinaonline.com.br\/index.php?rest_route=%2Fwp%2Fv2%2Fproduct_cat&post=16616"},{"taxonomy":"product_tag","embeddable":true,"href":"https:\/\/ecursostreinaonline.com.br\/index.php?rest_route=%2Fwp%2Fv2%2Fproduct_tag&post=16616"}],"curies":[{"name":"wp","href":"https:\/\/api.w.org\/{rel}","templated":true}]}}